{"id":118,"date":"2020-06-14T19:35:04","date_gmt":"2020-06-14T19:35:04","guid":{"rendered":"http:\/\/serialectrice.com\/?page_id=118"},"modified":"2021-04-18T16:51:25","modified_gmt":"2021-04-18T14:51:25","slug":"mes-challenges-litteraires","status":"publish","type":"page","link":"https:\/\/serialectrice.com\/index.php\/mes-challenges-litteraires\/","title":{"rendered":"Challenges Litt\u00e9raires"},"content":{"rendered":"<p>[vc_row][vc_column][vc_column_text]<\/p>\n<p><span style=\"font-size: 18pt;\">Vous retrouverez ici tous les challenges litt\u00e9raires auxquels je participe. Ces challenges sont propos\u00e9s pour la majorit\u00e9 par le Groupe de Lecture sur Facebook dont je suis membre, <a href=\"https:\/\/www.facebook.com\/groups\/707636122759664\/\">La t\u00eate dans les livres.<\/a><\/span><\/p>\n<p><span style=\"font-size: 18pt;\">Ces Challenges m\u2019ont permis, depuis l\u2019ann\u00e9e derni\u00e8re, de diversifier mes lectures, m\u2019ont pouss\u00e9 \u00e0 lire des livres que je n\u2019aurais pas forc\u00e9ment lu par moi-m\u00eame et m\u2019ont incit\u00e9 \u00e0 <s>diminuer <\/s>(euh \u2026 pas forc\u00e9ment en fait) ma Pile \u00e0 Lire (PAL pour les intimes).<\/span><\/p>\n<p><span style=\"font-size: 18pt;\">Si vous joindre \u00e0 ces challenges vous int\u00e9resse, n\u2019h\u00e9sitez pas \u00e0 rejoindre le groupe <a href=\"https:\/\/www.facebook.com\/groups\/707636122759664\/\">Facebook<\/a> de Linda, c\u2019est juste un petit bonheur d\u2019en faire partie !<\/span><\/p>\n<p>[\/vc_column_text][bs-mix-listing-2-1 title=\u00a0\u00bbChallenges Litt\u00e9raires\u00a0\u00bb icon=\u00a0\u00bb\u00a0\u00bb hide_title=\u00a0\u00bb0&Prime; heading_color=\u00a0\u00bb\u00a0\u00bb heading_style=\u00a0\u00bbdefault\u00a0\u00bb title_link=\u00a0\u00bb\u00a0\u00bb category=\u00a0\u00bb-43,4,-80,-83,-6,-14,-35,-1&Prime; tag=\u00a0\u00bb\u00a0\u00bb count=\u00a0\u00bb100&Prime; post_ids=\u00a0\u00bb\u00a0\u00bb offset=\u00a0\u00bb\u00a0\u00bb featured_image=\u00a0\u00bb0&Prime; ignore_sticky_posts=\u00a0\u00bb1&Prime; author_ids=\u00a0\u00bb\u00a0\u00bb disable_duplicate=\u00a0\u00bb0&Prime; time_filter=\u00a0\u00bb\u00a0\u00bb order=\u00a0\u00bbDESC\u00a0\u00bb order_by=\u00a0\u00bbdate\u00a0\u00bb orderby_meta_key=\u00a0\u00bb\u00a0\u00bb orderby_meta_value_type=\u00a0\u00bbCHAR\u00a0\u00bb _name_1=\u00a0\u00bb\u00a0\u00bb post_type=\u00a0\u00bb\u00a0\u00bb taxonomy=\u00a0\u00bb\u00a0\u00bb _name_2=\u00a0\u00bb\u00a0\u00bb cats-tags-condition=\u00a0\u00bband\u00a0\u00bb cats-condition=\u00a0\u00bbin\u00a0\u00bb tags-condition=\u00a0\u00bbin\u00a0\u00bb tabs=\u00a0\u00bb\u00a0\u00bb tabs_cat_filter=\u00a0\u00bb\u00a0\u00bb tabs_tax_filter=\u00a0\u00bb\u00a0\u00bb tabs_content_type=\u00a0\u00bbdeferred\u00a0\u00bb paginate=\u00a0\u00bbnone\u00a0\u00bb pagination-show-label=\u00a0\u00bb0&Prime; pagination-slides-count=\u00a0\u00bb3&Prime; slider-animation-speed=\u00a0\u00bb750&Prime; slider-autoplay=\u00a0\u00bb1&Prime; slider-speed=\u00a0\u00bb3000&Prime; slider-control-dots=\u00a0\u00bboff\u00a0\u00bb slider-control-next-prev=\u00a0\u00bbstyle-1&Prime; bs-show-desktop=\u00a0\u00bb1&Prime; bs-show-tablet=\u00a0\u00bb1&Prime; bs-show-phone=\u00a0\u00bb1&Prime; custom-css-class=\u00a0\u00bb\u00a0\u00bb custom-id=\u00a0\u00bb\u00a0\u00bb override-listing-settings=\u00a0\u00bb0&Prime; listing-settings=\u00a0\u00bb\u00a0\u00bb bs-text-color-scheme=\u00a0\u00bb\u00a0\u00bb css=\u00a0\u00bb\u00a0\u00bb][\/vc_column][\/vc_row]<\/p>\n","protected":false},"excerpt":{"rendered":"<p>[vc_row][vc_column][vc_column_text] Vous retrouverez ici tous les challenges litt\u00e9raires auxquels je participe. Ces challenges sont propos\u00e9s pour la majorit\u00e9 par le Groupe de Lecture sur Facebook dont je suis membre, La t\u00eate dans les livres. Ces Challenges m\u2019ont permis, depuis l\u2019ann\u00e9e derni\u00e8re, de diversifier mes lectures, m\u2019ont pouss\u00e9 \u00e0 lire des livres que je n\u2019aurais pas forc\u00e9ment lu par moi-m\u00eame et m\u2019ont incit\u00e9 \u00e0 diminuer (euh \u2026 pas forc\u00e9ment en fait) ma Pile \u00e0 Lire (PAL pour les intimes). Si vous joindre \u00e0 ces challenges vous int\u00e9resse, n\u2019h\u00e9sitez pas \u00e0 rejoindre le groupe Facebook de Linda, c\u2019est juste un petit bonheur &hellip; <\/p>\n","protected":false},"author":1,"featured_media":177,"parent":0,"menu_order":0,"comment_status":"closed","ping_status":"closed","template":"","meta":{"_crdt_document":"","om_disable_all_campaigns":false,"_uag_custom_page_level_css":"","_monsterinsights_skip_tracking":false,"_monsterinsights_sitenote_active":false,"_monsterinsights_sitenote_note":"","_monsterinsights_sitenote_category":0,"_uf_show_specific_survey":0,"_uf_disable_surveys":false,"footnotes":""},"class_list":["post-118","page","type-page","status-publish","has-post-thumbnail","hentry"],"aioseo_notices":[],"uagb_featured_image_src":{"full":["https:\/\/serialectrice.com\/wp-content\/uploads\/2020\/06\/102905273_10157595698431596_1875471482513145390_n.jpg",940,788,false],"thumbnail":["https:\/\/serialectrice.com\/wp-content\/uploads\/2020\/06\/102905273_10157595698431596_1875471482513145390_n-572x331.jpg",572,331,true],"medium":["https:\/\/serialectrice.com\/wp-content\/uploads\/2020\/06\/102905273_10157595698431596_1875471482513145390_n-300x251.jpg",300,251,true],"medium_large":["https:\/\/serialectrice.com\/wp-content\/uploads\/2020\/06\/102905273_10157595698431596_1875471482513145390_n-768x644.jpg",768,644,true],"large":["https:\/\/serialectrice.com\/wp-content\/uploads\/2020\/06\/102905273_10157595698431596_1875471482513145390_n.jpg",840,704,false],"post-slider-thumb-size":["https:\/\/serialectrice.com\/wp-content\/uploads\/2020\/06\/102905273_10157595698431596_1875471482513145390_n.jpg",227,190,false],"post-category-slider-size":["https:\/\/serialectrice.com\/wp-content\/uploads\/2020\/06\/102905273_10157595698431596_1875471482513145390_n.jpg",330,277,false],"1536x1536":["https:\/\/serialectrice.com\/wp-content\/uploads\/2020\/06\/102905273_10157595698431596_1875471482513145390_n.jpg",940,788,false],"2048x2048":["https:\/\/serialectrice.com\/wp-content\/uploads\/2020\/06\/102905273_10157595698431596_1875471482513145390_n.jpg",940,788,false],"hello-fashion-slider":["https:\/\/serialectrice.com\/wp-content\/uploads\/2020\/06\/102905273_10157595698431596_1875471482513145390_n.jpg",480,402,false],"hello-fashion-blog-three":["https:\/\/serialectrice.com\/wp-content\/uploads\/2020\/06\/102905273_10157595698431596_1875471482513145390_n.jpg",420,352,false],"hello-fashion-blog-four":["https:\/\/serialectrice.com\/wp-content\/uploads\/2020\/06\/102905273_10157595698431596_1875471482513145390_n.jpg",573,480,false],"vilva-slider-one":["https:\/\/serialectrice.com\/wp-content\/uploads\/2020\/06\/102905273_10157595698431596_1875471482513145390_n.jpg",716,600,false],"vilva-featured-four":["https:\/\/serialectrice.com\/wp-content\/uploads\/2020\/06\/102905273_10157595698431596_1875471482513145390_n.jpg",632,530,false],"vilva-blog":["https:\/\/serialectrice.com\/wp-content\/uploads\/2020\/06\/102905273_10157595698431596_1875471482513145390_n.jpg",334,280,false],"vilva-blog-one":["https:\/\/serialectrice.com\/wp-content\/uploads\/2020\/06\/102905273_10157595698431596_1875471482513145390_n.jpg",596,500,false],"vilva-sidebar":["https:\/\/serialectrice.com\/wp-content\/uploads\/2020\/06\/102905273_10157595698431596_1875471482513145390_n.jpg",564,473,false]},"uagb_author_info":{"display_name":"SeriaLectrice","author_link":"https:\/\/serialectrice.com\/index.php\/author\/cilounegmail-com\/"},"uagb_comment_info":0,"uagb_excerpt":"[vc_row][vc_column][vc_column_text] Vous retrouverez ici tous les challenges litt\u00e9raires auxquels je participe. Ces challenges sont propos\u00e9s pour la majorit\u00e9 par le Groupe de Lecture sur Facebook dont je suis membre, La t\u00eate dans les livres. Ces Challenges m\u2019ont permis, depuis l\u2019ann\u00e9e derni\u00e8re, de diversifier mes lectures, m\u2019ont pouss\u00e9 \u00e0 lire des livres que je n\u2019aurais pas\u2026","jetpack_sharing_enabled":true,"jetpack_likes_enabled":true,"_links":{"self":[{"href":"https:\/\/serialectrice.com\/index.php\/wp-json\/wp\/v2\/pages\/118","targetHints":{"allow":["GET"]}}],"collection":[{"href":"https:\/\/serialectrice.com\/index.php\/wp-json\/wp\/v2\/pages"}],"about":[{"href":"https:\/\/serialectrice.com\/index.php\/wp-json\/wp\/v2\/types\/page"}],"author":[{"embeddable":true,"href":"https:\/\/serialectrice.com\/index.php\/wp-json\/wp\/v2\/users\/1"}],"replies":[{"embeddable":true,"href":"https:\/\/serialectrice.com\/index.php\/wp-json\/wp\/v2\/comments?post=118"}],"version-history":[{"count":0,"href":"https:\/\/serialectrice.com\/index.php\/wp-json\/wp\/v2\/pages\/118\/revisions"}],"wp:featuredmedia":[{"embeddable":true,"href":"https:\/\/serialectrice.com\/index.php\/wp-json\/wp\/v2\/media\/177"}],"wp:attachment":[{"href":"https:\/\/serialectrice.com\/index.php\/wp-json\/wp\/v2\/media?parent=118"}],"curies":[{"name":"wp","href":"https:\/\/api.w.org\/{rel}","templated":true}]}}