{"id":1137,"date":"2021-02-03T19:59:55","date_gmt":"2021-02-03T17:59:55","guid":{"rendered":"http:\/\/serialectrice.com\/?page_id=1137"},"modified":"2021-02-03T19:59:57","modified_gmt":"2021-02-03T17:59:57","slug":"liens-affilies","status":"publish","type":"page","link":"https:\/\/serialectrice.com\/index.php\/liens-affilies\/","title":{"rendered":"Liens affili\u00e9s"},"content":{"rendered":"\n<p class=\"has-medium-font-size wp-block-paragraph\">Vous trouverez parfois sur le blog des liens affili\u00e9s. Chaque fois que vous cliquez sur le lien et que vous achetez quelque chose sur le site en question, je recevrai un tr\u00e8s faible pourcenage de la vente effectu\u00e9e. Ainsi, \u00e7a me permettra de financer les frais li\u00e9s \u00e0 l&rsquo;h\u00e9bergement du blog.<\/p>\n\n\n\n<p class=\"has-medium-font-size wp-block-paragraph\"><mark>Bien \u00e9videmment, rien ne vous oblige \u00e0 cliquer et acheter, vous pouvez bien entendu passer par votre libraire habituel (et je vous y encourage grandement).<\/mark><\/p>\n","protected":false},"excerpt":{"rendered":"<p>Vous trouverez parfois sur le blog des liens affili\u00e9s. Chaque fois que vous cliquez sur le lien et que vous achetez quelque chose sur le site en question, je recevrai un tr\u00e8s faible pourcenage de la vente effectu\u00e9e. Ainsi, \u00e7a me permettra de financer les frais li\u00e9s \u00e0 l&rsquo;h\u00e9bergement du blog. Bien \u00e9videmment, rien ne vous oblige \u00e0 cliquer et acheter, vous pouvez bien entendu passer par votre libraire habituel (et je vous y encourage grandement).<\/p>\n","protected":false},"author":1,"featured_media":0,"parent":0,"menu_order":0,"comment_status":"closed","ping_status":"closed","template":"","meta":{"_crdt_document":"","om_disable_all_campaigns":false,"_uag_custom_page_level_css":"","_monsterinsights_skip_tracking":false,"_monsterinsights_sitenote_active":false,"_monsterinsights_sitenote_note":"","_monsterinsights_sitenote_category":0,"_uf_show_specific_survey":0,"_uf_disable_surveys":false,"footnotes":""},"class_list":["post-1137","page","type-page","status-publish","hentry"],"aioseo_notices":[],"uagb_featured_image_src":{"full":false,"thumbnail":false,"medium":false,"medium_large":false,"large":false,"post-slider-thumb-size":false,"post-category-slider-size":false,"1536x1536":false,"2048x2048":false,"hello-fashion-slider":false,"hello-fashion-blog-three":false,"hello-fashion-blog-four":false,"vilva-slider-one":false,"vilva-featured-four":false,"vilva-blog":false,"vilva-blog-one":false,"vilva-sidebar":false},"uagb_author_info":{"display_name":"SeriaLectrice","author_link":"https:\/\/serialectrice.com\/index.php\/author\/cilounegmail-com\/"},"uagb_comment_info":0,"uagb_excerpt":"Vous trouverez parfois sur le blog des liens affili\u00e9s. Chaque fois que vous cliquez sur le lien et que vous achetez quelque chose sur le site en question, je recevrai un tr\u00e8s faible pourcenage de la vente effectu\u00e9e. Ainsi, \u00e7a me permettra de financer les frais li\u00e9s \u00e0 l&rsquo;h\u00e9bergement du blog. Bien \u00e9videmment, rien ne\u2026","jetpack_sharing_enabled":true,"jetpack_likes_enabled":true,"_links":{"self":[{"href":"https:\/\/serialectrice.com\/index.php\/wp-json\/wp\/v2\/pages\/1137","targetHints":{"allow":["GET"]}}],"collection":[{"href":"https:\/\/serialectrice.com\/index.php\/wp-json\/wp\/v2\/pages"}],"about":[{"href":"https:\/\/serialectrice.com\/index.php\/wp-json\/wp\/v2\/types\/page"}],"author":[{"embeddable":true,"href":"https:\/\/serialectrice.com\/index.php\/wp-json\/wp\/v2\/users\/1"}],"replies":[{"embeddable":true,"href":"https:\/\/serialectrice.com\/index.php\/wp-json\/wp\/v2\/comments?post=1137"}],"version-history":[{"count":0,"href":"https:\/\/serialectrice.com\/index.php\/wp-json\/wp\/v2\/pages\/1137\/revisions"}],"wp:attachment":[{"href":"https:\/\/serialectrice.com\/index.php\/wp-json\/wp\/v2\/media?parent=1137"}],"curies":[{"name":"wp","href":"https:\/\/api.w.org\/{rel}","templated":true}]}}